{"id":1371,"date":"2025-04-24T18:15:56","date_gmt":"2025-04-24T18:15:56","guid":{"rendered":"https:\/\/test.startbuzzle.com\/politika-privatnosti\/"},"modified":"2025-07-21T20:54:31","modified_gmt":"2025-07-21T20:54:31","slug":"privacy-policy","status":"publish","type":"page","link":"https:\/\/test.startbuzzle.com\/en\/privacy-policy\/","title":{"rendered":"Privacy policy"},"content":{"rendered":"\r\n<p><b>Politika privatnosti<\/b><\/p>\r\n<p><span style=\"font-weight: 400;\">Dragi korisnici,<\/span><\/p>\r\n<p><span style=\"font-weight: 400;\">Mi u <\/span><i><span style=\"font-weight: 400;\">SAFM DOO<\/span><\/i><span style=\"font-weight: 400;\">, sa sedi\u0161tem u Beogradu, u ulici Drenova 12, PIB: 112979482, MB: 21781479 (u daljem tekstu: <\/span><i><span style=\"font-weight: 400;\">Trgovac<\/span><\/i><span style=\"font-weight: 400;\">), duboko se posve\u0107ujemo za\u0161titi va\u0161ih li\u010dnih podataka. Kao kupci i korisnici na\u0161eg sajta <\/span><a href=\"http:\/\/www.startbuzzle.com\"><span style=\"font-weight: 400;\">www.startbuzzle.com<\/span><\/a><span style=\"font-weight: 400;\">, va\u0161a privatnost nam je od najva\u017enijeg zna\u010daja, te se trudimo da svi podaci koje podelite sa nama budu u potpunosti za\u0161ti\u0107eni.<\/span><\/p>\r\n<p><span style=\"font-weight: 400;\">Podaci koje prikupljamo strogo se \u010duvaju i dostupni su samo zaposlenima kojima su potrebni za obavljanje njihovih radnih zadataka. Trgovac preduzima sve zakonski propisane tehni\u010dke i organizacione mere kako bi obezbedio za\u0161titu od neovla\u0161\u0107enog ili nezakonitog pristupa va\u0161im li\u010dnim podacima. Va\u0161e podatke obra\u0111ujemo i \u0161titimo u skladu sa Zakonom o za\u0161titi podataka o li\u010dnosti (\u201eSl. Glasnik RS, br. 87\/2018\u201c) i svim va\u017ee\u0107im propisima u Republici Srbiji, po najvi\u0161im industrijskim standardima.<\/span><\/p>\r\n<p><span style=\"font-weight: 400;\">Prilikom posete sajtu, prikupljamo odre\u0111ene li\u010dne podatke koji su neophodni za kreiranje va\u0161eg naloga i realizaciju naplate ili isporuke porud\u017ebine. U slu\u010daju da odlu\u010dite da vi\u0161e ne \u017eelite biti registrovani korisnik ili ne \u017eelite da se bilo koji va\u0161 podatak nalazi u bazi registrovanih kupaca, mo\u017eete nam poslati zahtev na e-mail adresu info@startbuzzle.com. Na va\u0161 zahtev \u0107emo odgovoriti, obavestiti vas o uklanjanju va\u0161ih podataka iz baze kupaca i postupiti u skladu sa va\u017ee\u0107im zakonodavstvom. Da bismo bili sigurni da zahtev dolazi od vas, mo\u017eemo vas zamoliti da nam zahtev po\u0161aljete sa e-mail adrese kojom ste se inicijalno registrovali na na\u0161em sajtu.<\/span><\/p>\r\n<p><i><span style=\"font-weight: 400;\">SAFM DOO<\/span><\/i><span style=\"font-weight: 400;\"> se obavezuje da ne\u0107e deliti va\u0161e li\u010dne podatke sa tre\u0107im stranama, osim ako to nije zakonski obavezano prema zakonodavstvu Republike Srbije.<\/span><\/p>\r\n<p><span style=\"font-weight: 400;\">Maloletna lica nisu dozvoljena za kupovinu putem na\u0161eg sajta, osim u prisustvu roditelja ili staratelja. Me\u0111utim, mogu koristiti sajt za informisanje i dobiti korisne informacije o pravilnom razvoju i zdravim navikama dece.<\/span><\/p>\r\n<p><span style=\"font-weight: 400;\">Na\u0161a internet prodavnica koristi kola\u010di\u0107e kako bi unapredila korisni\u010dko iskustvo i prilagodila sajt va\u0161im li\u010dnim potrebama. Kola\u010di\u0107e mo\u017eete isklju\u010diti putem pode\u0161avanja va\u0161eg internet preglednika, ukoliko to \u017eelite.<\/span><\/p>\r\n<p><span style=\"font-weight: 400;\">U ime <\/span><i><span style=\"font-weight: 400;\">SAFM DOO<\/span><\/i><span style=\"font-weight: 400;\">, pru\u017eamo vam garanciju da \u0107emo \u010duvati privatnost svih na\u0161ih korisnika. Prikupljamo samo neophodne podatke koji su potrebni za obavljanje transakcija i pru\u017eanje kvalitativne usluge. Tako\u0111e, dajemo vam mogu\u0107nost da u svakom trenutku odlu\u010dite da li \u017eelite da budete na na\u0161im mailing listama ili da se odjavite sa istih. Ukoliko \u017eelite da se odjavite ili povu\u010dete pristanak za primanje marketin\u0161kih poruka, to mo\u017eete u\u010diniti slanjem e-maila na info@startbuzzle.com.<\/span><\/p>\r\n<p><span style=\"font-weight: 400;\">Va\u0161i identifikacioni podaci na sajtu su za\u0161ti\u0107eni lozinkama koje mo\u017eete koristiti za pristup va\u0161em nalogu. Preporu\u010dujemo da \u010duvate va\u0161u lozinku i ne delite je sa drugim osobama.<\/span><\/p>\r\n<p><span style=\"font-weight: 400;\">Molimo vas da budete svesni da tre\u0107e strane do kojih mo\u017eete do\u0107i putem linkova sa na\u0161eg sajta mogu imati razli\u010dite politike privatnosti, koje se ne poklapaju sa na\u0161im.<\/span><\/p>\r\n<p><span style=\"font-weight: 400;\">Svi podaci o korisnicima\/kupcima strogo se \u010duvaju, a pristup im imaju samo zaposleni kojima su ti podaci potrebni za obavljanje posla. Svi zaposleni u <\/span><i><span style=\"font-weight: 400;\">SAFM DOO<\/span><\/i><span style=\"font-weight: 400;\"> odgovorni su za po\u0161tovanje na\u010dela za\u0161tite privatnosti.<\/span><\/p>\r\n<p><span style=\"font-weight: 400;\">Sve promene u na\u0161oj politici privatnosti bi\u0107e objavljene na ovoj stranici, kako biste uvek bili u potpunosti obave\u0161teni o na\u010dinima na koje \u0161titimo va\u0161u privatnost.<\/span><span style=\"font-weight: 400;\"><br \/><br \/><\/span><\/p>\r\n<p><b>Politika upotrebe \u201ekola\u010di\u0107a\u201c<\/b><\/p>\r\n<p><b>\u0160ta su to \u201ekola\u010di\u0107i\u201c?<\/b><span style=\"font-weight: 400;\"><br \/><\/span><span style=\"font-weight: 400;\">Kola\u010di\u0107i (cookies) predstavljaju male datoteke u obliku teksta i\/ili brojeva, koje se \u010duvaju na va\u0161em ra\u010dunaru ili bilo kojem drugom ure\u0111aju koji koristi internet pretra\u017eiva\u010d. Ove datoteke omogu\u0107avaju internet prezentacijama da prepoznaju va\u0161 ure\u0111aj svaki put kada mu ponovo pristupite, \u010dime se unapre\u0111uje va\u0161e iskustvo na sajtu. Kola\u010di\u0107i se koriste od trenutka kada prvi put posetite na\u0161u prezentaciju. Iako se kola\u010di\u0107i koriste u razli\u010dite svrhe, naj\u010de\u0161\u0107e slu\u017ee da bi osigurali efikasno funkcionisanje sajta, kao i da bi prikupili korisne informacije o tome kako posetioci koriste internet. Jednostavno re\u010deno, kola\u010di\u0107i pojednostavljuju kori\u0161\u0107enje interneta jer ne morate svaki put po\u010deti od nule. Va\u017eno je napomenuti da kola\u010di\u0107i ne predstavljaju pretnju za sigurnost va\u0161ih ure\u0111aja jer su pasivne datoteke i ne mogu prenositi viruse ili zlonamerni softver.<\/span><\/p>\r\n<p><b>Kako mi koristimo kola\u010di\u0107e?<\/b><span style=\"font-weight: 400;\"><br \/><\/span><span style=\"font-weight: 400;\">Na\u0161a internet prezentacija koristi kola\u010di\u0107e kako bismo stalno unapre\u0111ivali i osigurali najbolje mogu\u0107e korisni\u010dko iskustvo. Informacije koje prikupljamo putem kola\u010di\u0107a su anonimne, i ne mo\u017eemo ih povezati sa bilo kojim drugim va\u0161im li\u010dnim podacima.<\/span><\/p>\r\n<p><span style=\"font-weight: 400;\">Koristimo kola\u010di\u0107e koje postavlja Google Analytics kako bismo analizirali na\u010din na koji koristite na\u0161u prezentaciju i pripremili statisti\u010dke podatke o njenom kori\u0161\u0107enju. Ove informacije nam poma\u017eu da prepoznamo eventualne probleme i unapredimo va\u0161e celokupno iskustvo na sajtu. Kola\u010di\u0107i Google Analytics-a sadr\u017ee jedinstvenu korisni\u010dku \u0161ifru koja se koristi za prepoznavanje va\u0161eg pretra\u017eiva\u010da prilikom otvaranja stranica na na\u0161em sajtu. Ovi kola\u010di\u0107i ne sadr\u017ee li\u010dne podatke i koriste se isklju\u010divo za analizu saobra\u0107aja na internetu. Vi\u0161e o kola\u010di\u0107ima Google Analytics-a mo\u017eete saznati na zvani\u010dnoj prezentaciji.<\/span><\/p>\r\n<p><b>Kako izbe\u0107i kola\u010di\u0107e?<\/b><span style=\"font-weight: 400;\"><br \/><\/span><span style=\"font-weight: 400;\">Iako se nadamo da \u0107ete prihvatiti kola\u010di\u0107e kako biste imali najbolje mogu\u0107e iskustvo na na\u0161em sajtu, uvek mo\u017eete odlu\u010diti da ih odbijete. Da biste to uradili, potrebno je da prilagodite odgovaraju\u0107e postavke u svom pretra\u017eiva\u010du. Tako\u0111e, mo\u017eete podesiti pretra\u017eiva\u010d da vas obavesti svaki put kada se kola\u010di\u0107 sa\u010duva na va\u0161em ure\u0111aju. Me\u0111utim, imajte na umu da ako odbijete kola\u010di\u0107e, mo\u017eda ne\u0107ete mo\u0107i da koristite sve funkcije na\u0161eg sajta u potpunosti.<\/span><\/p>\r\n<p><span style=\"font-weight: 400;\">Ukoliko ne \u017eelite da primate kola\u010di\u0107e sa na\u0161eg sajta, mo\u017eete u ve\u0107ini pretra\u017eiva\u010da pristupiti opcijama postavki interneta i dodati na\u0161u internet prezentaciju na listu sajtova \u010dije kola\u010di\u0107e \u017eelite da blokirate. Tako\u0111e, mo\u017eete obrisati pojedina\u010dne kola\u010di\u0107e ili sve kola\u010di\u0107e sa\u010duvane od strane va\u0161eg pretra\u017eiva\u010da.<\/span><\/p>\r\n<p><b>Uputstva za brisanje kola\u010di\u0107a u najpopularnijim pretra\u017eiva\u010dima:<\/b><\/p>\r\n<ul>\r\n<li style=\"font-weight: 400;\" aria-level=\"1\"><a href=\"https:\/\/support.microsoft.com\/en-us\/windows\/manage-cookies-in-microsoft-edge-view-allow-block-delete-and-use-168dab11-0753-043d-7c16-ede5947fc64d\"><span style=\"font-weight: 400;\">Brisanje kola\u010di\u0107a u pretra\u017eiva\u010du Microsoft Internet Explorer<\/span><\/a><\/li>\r\n<li style=\"font-weight: 400;\" aria-level=\"1\"><a href=\"https:\/\/support.mozilla.org\/t5\/Cookies-and-cache\/Delete-cookies-to-remove-the-information-websites\"><span style=\"font-weight: 400;\">Brisanje kola\u010di\u0107a u pretra\u017eiva\u010du Mozilla Firefox<\/span><\/a><\/li>\r\n<li style=\"font-weight: 400;\" aria-level=\"1\"><a href=\"https:\/\/support.google.com\/chrome\/answer\/95647?hl=da&amp;safe=on\"><span style=\"font-weight: 400;\">Brisanje kola\u010di\u0107a u pretra\u017eiva\u010du Google Chrome<\/span><\/a><\/li>\r\n<li style=\"font-weight: 400;\" aria-level=\"1\"><a href=\"https:\/\/help.opera.com\/en\/latest\/web-preferences\/\"><span style=\"font-weight: 400;\">Brisanje kola\u010di\u0107a u pretra\u017eiva\u010du Opera<\/span><\/a><\/li>\r\n<li style=\"font-weight: 400;\" aria-level=\"1\"><a href=\"https:\/\/tools.google.com\/dlpage\/gaoptout\"><span style=\"font-weight: 400;\">Kako da izbegnete kola\u010di\u0107e koje postavlja Google Analytics i evidenciju o posetama stranica<\/span><\/a><\/li>\r\n<\/ul>\r\n<p><b>Vi\u0161e informacija o kola\u010di\u0107ima<\/b><span style=\"font-weight: 400;\"><br \/><\/span><span style=\"font-weight: 400;\">Ako \u017eelite da saznate vi\u0161e o kola\u010di\u0107ima, mo\u017eete posetiti zvani\u010dnu stranicu EU o kola\u010di\u0107ima <\/span><a href=\"http:\/\/ec.europa.eu\/ipg\/basics\/legal\/cookies\/index_en.htm\"><span style=\"font-weight: 400;\">ovde<\/span><\/a><span style=\"font-weight: 400;\">.<\/span><\/p>\r\n<p><b>Reklamacije i Prava na Odustanak<\/b><\/p>\r\n<p><b>Izjava o Odustanku od Ugovora o Kupoprodaji Zaklju\u010denog na Daljinu<\/b><\/p>\r\n<p><span style=\"font-weight: 400;\">U skladu sa va\u017ee\u0107im Zakonom o za\u0161titi potro\u0161a\u010da (Sl.gl. RS br. 62\/2014), obrazac Izjave o odustanku od ugovora mo\u017eete poslati na e-mail adresu info@startbuzzle.com ili na adresu na\u0161e firme:<\/span><\/p>\r\n<p><b>SAFM DOO<\/b><span style=\"font-weight: 400;\"><br \/><\/span><span style=\"font-weight: 400;\">Drenova 12, Zemun<\/span><span style=\"font-weight: 400;\"><br \/><\/span><span style=\"font-weight: 400;\">11080 BEOGRAD<\/span><\/p>\r\n<p><span style=\"font-weight: 400;\">Potro\u0161a\u010d ima pravo da odustane od ugovora zaklju\u010denog na daljinu (ili izvan poslovnih prostorija) slanjem izjave o odustanku u roku od 14 dana od dana kada je roba dostavljena potro\u0161a\u010du ili tre\u0107em licu koje je potro\u0161a\u010d odredio (a koje nije prevoznik).<\/span><\/p>\r\n<p><span style=\"font-weight: 400;\">Odustajanjem od ugovora osloba\u0111ate se svih obaveza, osim obaveze pla\u0107anja tro\u0161kova vra\u0107anja robe. Proizvodi koje vra\u0107ate moraju biti nekori\u0161\u0107eni, neo\u0161te\u0107eni i u originalnoj ambala\u017ei. Tako\u0111e, potrebno je prilo\u017eiti originalni ra\u010dun i obrazac izjave o odustanku od ugovora.<\/span><\/p>\r\n<p><span style=\"font-weight: 400;\">Potro\u0161a\u010d mo\u017ee bez obja\u0161njenja odustati od ugovora u roku od 14 dana od njegovog zaklju\u010denja, bilo da se ugovor zaklju\u010duje na daljinu ili izvan poslovnih prostorija.<\/span><\/p>\r\n<p><b>Odgovornost za Proizvode pri Vra\u0107anju<\/b><\/p>\r\n<p><span style=\"font-weight: 400;\">Kada ostvarite pravo na odustanak, odgovornost za proizvode snosite do trenutka kada proizvodi budu dostavljeni:<\/span><\/p>\r\n<ol>\r\n<li><span style=\"font-weight: 400;\">A) Nama, ukoliko vi organizujete kurirske usluge, ili<\/span><span style=\"font-weight: 400;\"><br \/><\/span><span style=\"font-weight: 400;\">B) Kuriru, ukoliko mi organizujemo kurirske usluge.<\/span><\/li>\r\n<\/ol>\r\n<p><span style=\"font-weight: 400;\">Izjava o odustanku od ugovora postaje pravno obavezuju\u0107a od trenutka kada je poslata trgovcu. Ukoliko potro\u0161a\u010d ostvari pravo na odustanak, ugovor se smatra neva\u017ee\u0107im, a nastaju obaveze prema \u010dlanu 34 i 35 ovog zakona.<\/span><\/p>\r\n<p><b>Vra\u0107anje Novca<\/b><\/p>\r\n<p><span style=\"font-weight: 400;\">Trgovac je obavezan da potro\u0161a\u010du vrati iznos koji je platio po osnovu ugovora, najkasnije u roku od 14 dana od dana prijema izjave o odustanku. Povra\u0107aj sredstava vr\u0161i se isklju\u010divo putem VISA, EC\/MC ili Maestro kartica ukoliko je pla\u0107eno karticom.<\/span><\/p>\r\n<p><b>Vi\u0161a Sila<\/b><\/p>\r\n<p><span style=\"font-weight: 400;\">Ne snosimo odgovornost za bilo kakvo neispunjavanje ili odlaganje izvr\u0161enja na\u0161ih obaveza usled doga\u0111aja koji su izvan na\u0161e razumne kontrole (poznato kao &#8220;Vi\u0161a sila&#8221;). Vi\u0161a sila obuhvata, izme\u0111u ostalog, slede\u0107e doga\u0111aje:<\/span><\/p>\r\n<ol>\r\n<li style=\"font-weight: 400;\" aria-level=\"1\"><span style=\"font-weight: 400;\">\u0160trajkove, proteste ili druge oblike protesta.<\/span><\/li>\r\n<li style=\"font-weight: 400;\" aria-level=\"1\"><span style=\"font-weight: 400;\">Gra\u0111anske nemire, pobune, invazije, teroristi\u010dke napade, rat ili pretnje rata.<\/span><\/li>\r\n<li style=\"font-weight: 400;\" aria-level=\"1\"><span style=\"font-weight: 400;\">Prirodne katastrofe kao \u0161to su po\u017eari, poplave, oluje, zemljotresi i druge nepogode.<\/span><\/li>\r\n<li style=\"font-weight: 400;\" aria-level=\"1\"><span style=\"font-weight: 400;\">Ote\u017ean pristup transportnim sredstvima ili javnim uslugama.<\/span><\/li>\r\n<li style=\"font-weight: 400;\" aria-level=\"1\"><span style=\"font-weight: 400;\">Problemi u telekomunikacijama ili saop\u0161tavanju.<\/span><\/li>\r\n<li style=\"font-weight: 400;\" aria-level=\"1\"><span style=\"font-weight: 400;\">Odluke vlasti ili regulacije.<\/span><\/li>\r\n<\/ol>\r\n<p><span style=\"font-weight: 400;\">Obaveze prema ugovoru su suspendovane tokom trajanja &#8220;Vi\u0161e sile&#8221;, a rok za ispunjenje obaveza bi\u0107e produ\u017een u skladu sa trajanjem tog perioda. Trudi\u0107emo se da prevazi\u0111emo prepreke i omogu\u0107imo ispunjenje na\u0161ih obaveza \u010dim situacija bude dozvoljena.<\/span><\/p>\r\n<p><span style=\"font-weight: 400;\">Nadamo se da \u0107e vam na\u0161a politika biti jasna i da \u0107ete u\u017eivati u jednostavnom i prijatnom iskustvu sa na\u0161im proizvodima!<\/span><\/p>\r\n<h2 class=\"wp-block-heading\">\u00a0<\/h2>\r\n<p><b><i>Informacije o Proizvodima i Uslugama<\/i><\/b><\/p>\r\n<p><i><span style=\"font-weight: 400;\">Informacije koje pru\u017ea SAFM DOO putem ovog sajta, ili preko svojih zastupnika i zaposlenih putem telefona, faksa, e-maila ili na drugi na\u010din, uklju\u010duju\u0107i linkove na i sa ovog sajta, nisu namenjene kao preporuke za odre\u0111ene tretmane, proizvode, delovanja ili le\u010denje. Pru\u017eene informacije i metodologije vezane za ja\u010danje imuniteta imaju za cilj da vas usmere ka izboru visokonutritivnih, 100% prirodnih namirnica oboga\u0107enih vitaminima i mineralima iz prirodnih izvora. Ovi podaci nisu namenjeni dijagnozi, le\u010denju ili prevenciji bilo kojih zdravstvenih stanja. SAFM DOO i njegovi zastupnici i zaposleni su ovde da vam pomognu da izaberete najprirodniji na\u010din za unos nutritivnih namirnica koje mogu doprineti va\u0161em zdravlju, ali ne pru\u017eaju medicinske savete niti savete o mogu\u0107im propratnim efektima.<\/span><\/i><\/p>","protected":false},"excerpt":{"rendered":"<p>Politika privatnosti Dragi korisnici, Mi u SAFM DOO, sa sedi\u0161tem u Beogradu, u ulici Drenova 12, PIB: 112979482, MB: 21781479 (u daljem tekstu: Trgovac), duboko se posve\u0107ujemo za\u0161titi va\u0161ih li\u010dnih podataka. Kao kupci i korisnici na\u0161eg sajta www.startbuzzle.com, va\u0161a privatnost nam je od najva\u017enijeg zna\u010daja, te se trudimo da svi podaci koje podelite sa nama [&hellip;]<\/p>\n","protected":false},"author":1,"featured_media":305,"parent":0,"menu_order":0,"comment_status":"closed","ping_status":"closed","template":"page-side-menu.php","meta":{"_acf_changed":false,"footnotes":""},"class_list":["post-1371","page","type-page","status-publish","has-post-thumbnail","hentry"],"acf":[],"_links":{"self":[{"href":"https:\/\/test.startbuzzle.com\/en\/wp-json\/wp\/v2\/pages\/1371","targetHints":{"allow":["GET"]}}],"collection":[{"href":"https:\/\/test.startbuzzle.com\/en\/wp-json\/wp\/v2\/pages"}],"about":[{"href":"https:\/\/test.startbuzzle.com\/en\/wp-json\/wp\/v2\/types\/page"}],"author":[{"embeddable":true,"href":"https:\/\/test.startbuzzle.com\/en\/wp-json\/wp\/v2\/users\/1"}],"replies":[{"embeddable":true,"href":"https:\/\/test.startbuzzle.com\/en\/wp-json\/wp\/v2\/comments?post=1371"}],"version-history":[{"count":2,"href":"https:\/\/test.startbuzzle.com\/en\/wp-json\/wp\/v2\/pages\/1371\/revisions"}],"predecessor-version":[{"id":1376,"href":"https:\/\/test.startbuzzle.com\/en\/wp-json\/wp\/v2\/pages\/1371\/revisions\/1376"}],"wp:featuredmedia":[{"embeddable":true,"href":"https:\/\/test.startbuzzle.com\/en\/wp-json\/wp\/v2\/media\/305"}],"wp:attachment":[{"href":"https:\/\/test.startbuzzle.com\/en\/wp-json\/wp\/v2\/media?parent=1371"}],"curies":[{"name":"wp","href":"https:\/\/api.w.org\/{rel}","templated":true}]}}