{"id":1357,"date":"2025-06-30T19:18:59","date_gmt":"2025-06-30T19:18:59","guid":{"rendered":"https:\/\/test.startbuzzle.com\/faqs\/"},"modified":"2025-07-21T20:52:27","modified_gmt":"2025-07-21T20:52:27","slug":"faqs","status":"publish","type":"page","link":"https:\/\/test.startbuzzle.com\/en\/faqs\/","title":{"rendered":"Faq&#8217;s"},"content":{"rendered":"<h1>Naj\u010de\u0161\u0107a pitanja i odgovori?<\/h1>\n<p>&nbsp;<\/p>\n<p>&nbsp;<\/p>\n<h3>\u0160ta su Buzzle proizvodi?<\/h3>\n<p>&nbsp;<\/p>\n<p>Buzzle proizvodi su ukusna kombinacija prirode i nauke \u2013 100% prirodni, pa\u017eljivo birani sastojci bogati vitaminima, mineralima i nutrijentima koji podr\u017eavaju pravilan razvoj imunog sistema i doprinose op\u0161tem zdravlju.<br \/>\nTo je superhrana za svakodnevnicu \u2013 spoj sirovog meda sa vo\u0107em, semenkama, lekovitim biljkama, ora\u0161astim plodovima i drugim supernamirnicama koje zajedno \u010dine mo\u0107nu, a pritom potpuno prirodnu formulu za celokupno blagostanje organizma.<\/p>\n<p>&nbsp;<\/p>\n<h3>Za\u0161to je Buzzle superhrana?<\/h3>\n<p>&nbsp;<\/p>\n<p>Zato \u0161to nije slu\u010dajan spoj sastojaka, ve\u0107 pa\u017eljivo osmi\u0161ljena sinergija prirode i znanja. Svaki Buzzle proizvod je rezultat promi\u0161ljenog kreiranja recepture u kojoj se sastojci me\u0111usobno dopunjuju i poja\u010davaju dejstvo jedni drugima.<br \/>\nNa\u0161a baza je sirov med \u2013 prirodni antibakterijski i antiinflamatorni dar p\u010dela, bogat enzimima, mineralima i bioaktivnim jedinjenjima, koji nisu izgubljeni obradom jer med ostaje sirov, ba\u0161 kao \u0161to ga je priroda stvorila.<br \/>\nDodajemo 100% prirodni vitamin C (iz acerole) i vitamin E (iz biljnih izvora), klju\u010dne vitamine za ja\u010danje imuniteta i za\u0161titu \u0107elija od oksidativnog stresa. U svakom ukusu nalazi se preporu\u010dena dnevna doza ova dva vitamina za decu uzrasta do 7 godina.<br \/>\nTu su i psilijum ljuspice \u2013 mo\u0107an izvor vlakana (\u010dak 90%) koje deluju prebioti\u010dki i poma\u017eu zdravu probavu, ali i ora\u0161asti plodovi, lekovito bilje, vo\u0107e i semenke, birani tako da u zajedni\u010dkoj kombinaciji poja\u010davaju apsorpciju i dejstvo minerala i vitamina.<br \/>\nNa primer, u jednoj od na\u0161ih me\u0161avina koristimo biljne izvore gvo\u017e\u0111a u kombinaciji s prirodnim vitaminom C \u2013 \u0161to dokazano pove\u0107ava apsorpciju gvo\u017e\u0111a i do \u010detiri puta!<br \/>\nSve u svemu \u2013 Buzzle je ukusna i jednostavna svakodnevna navika, ali s mo\u0107nim efektom. Toliko hranljiv da se s punim pravom mo\u017ee nazvati superhranom, a toliko prirodan da mo\u017ee poslu\u017eiti i kao 100% prirodna suplementacija \u2013 bez tableta, bez ve\u0161ta\u010dkih dodataka, samo \u010dista snaga prirode u teglici.<\/p>\n<p>&nbsp;<\/p>\n<h3>Da li su va\u0161i proizvodi 100% prirodni?<\/h3>\n<p>&nbsp;<\/p>\n<p>Apsolutno! Prirodnost je u srcu svega \u0161to radimo. Koristimo isklju\u010divo prirodne sastojke, bez aditiva, emulgatora i bilo kakvih ve\u0161ta\u010dkih dodataka. Na\u0161 cilj je jasan \u2013 da ponudimo proizvod koji \u010duva sve nutritivne vrednosti, bez kompromisa u ukusu, i koji vra\u0107a poverenje u ono \u0161to priroda najbolje zna da stvori.<br \/>\nDa li su proizvodi namenjeni samo deci?<br \/>\nNa\u0161i proizvodi jesu razvijeni sa mi\u0161lju na decu \u2013 da im se pru\u017ei zdrav i ukusan slatki\u0161 koji \u0107e zavoleti i koji \u0107e ih uvesti u dobre prehrambene navike. Ali, njihova nutritivna vrednost prevazilazi uzrast \u2013 pogodni su za sve, od 1 do 101 godine.<br \/>\nZato ih rado koriste i roditelji, bake, deke, sportisti i svi koji \u017eele ukusan na\u010din da oja\u010daju imunitet i unesu vi\u0161e prirodnih vitamina u svakodnevnu ishranu.<br \/>\nDa li su Buzzle proizvodi za ja\u010danje imuniteta?<br \/>\nNaravno!<br \/>\nSvaki Buzzle proizvod bogat je prirodnim vitaminom C i vitaminom E, uz dragocena prebioti\u010dka svojstva psilijuma. Svaki ukus nosi svoju posebnu kombinaciju sastojaka \u2013 pa\u017eljivo biranih vo\u0107ki, biljaka, semenki i ora\u0161astih plodova \u2013 bogatih raznim mineralima. Upravo ta raznolikost omogu\u0107ava da svaki ukus na svoj na\u010din doprinosi ja\u010danju imuniteta i op\u0161tem zdravlju \u2013 svaki sa svojim jedinstvenim zadatkom i karakterom.<br \/>\nKombinacija sastojaka u Buzzle proizvodima pa\u017eljivo je osmi\u0161ljena tako da donosi konkretan benefit \u2013 bilo da je to bolja koncentracija, vi\u0161e energije, lak\u0161e opu\u0161tanje ili osve\u017eenje.<br \/>\nNa primer, spoj borovnice i oraha s medom \u010dini na\u0161 &#8220;Fokus&#8221; \u2013 savr\u0161en za podr\u0161ku mozgu i pa\u017enji. Svaki ukus ima svoje &#8220;za\u0161to&#8221;, a svi zajedno dele jednu stvar: poma\u017eu telu da funkcioni\u0161e bolje, prirodno i svakodnevno.<\/p>\n<p>&nbsp;<\/p>\n<h3>Da li va\u0161i proizvodi sadr\u017ee alergene?<\/h3>\n<p>&nbsp;<\/p>\n<p>Na\u0161i proizvodi sadr\u017ee prirodne sastojke koji su poznati alergeni za pojedine osobe \u2013 pre svega p\u010delinje proizvode (med, propolis, polen), kao i ora\u0161aste plodove poput oraha, badema i le\u0161nika. Zato uvek savetujemo da pro\u010ditate deklaraciju i sastav na etiketi kako biste se uverili da je proizvod bezbedan za vas ili va\u0161e dete.<\/p>\n<p>&nbsp;<\/p>\n<h3>Kako se \u010duvaju Buzzle proizvodi?<\/h3>\n<p>&nbsp;<\/p>\n<p>Zato \u0161to su na\u0161i proizvodi potpuno prirodni i bez konzervansa, va\u017eno je da se pravilno \u010duvaju. Preporu\u010dujemo da ih dr\u017eite na tamnom i hladnijem mestu, dalje od direktne svetlosti. Nakon otvaranja, najbolje ih je \u010duvati u fri\u017eideru kako bi du\u017ee ostali sve\u017ei i zadr\u017eali svoj pun nutritivni potencijal.<\/p>\n","protected":false},"excerpt":{"rendered":"<p>Naj\u010de\u0161\u0107a pitanja i odgovori? &nbsp; &nbsp; \u0160ta su Buzzle proizvodi? &nbsp; Buzzle proizvodi su ukusna kombinacija prirode i nauke \u2013 100% prirodni, pa\u017eljivo birani sastojci bogati vitaminima, mineralima i nutrijentima koji podr\u017eavaju pravilan razvoj imunog sistema i doprinose op\u0161tem zdravlju. To je superhrana za svakodnevnicu \u2013 spoj sirovog meda sa vo\u0107em, semenkama, lekovitim biljkama, ora\u0161astim [&hellip;]<\/p>\n","protected":false},"author":1,"featured_media":0,"parent":0,"menu_order":0,"comment_status":"closed","ping_status":"closed","template":"page-side-menu.php","meta":{"_acf_changed":false,"footnotes":""},"class_list":["post-1357","page","type-page","status-publish","hentry"],"acf":[],"_links":{"self":[{"href":"https:\/\/test.startbuzzle.com\/en\/wp-json\/wp\/v2\/pages\/1357","targetHints":{"allow":["GET"]}}],"collection":[{"href":"https:\/\/test.startbuzzle.com\/en\/wp-json\/wp\/v2\/pages"}],"about":[{"href":"https:\/\/test.startbuzzle.com\/en\/wp-json\/wp\/v2\/types\/page"}],"author":[{"embeddable":true,"href":"https:\/\/test.startbuzzle.com\/en\/wp-json\/wp\/v2\/users\/1"}],"replies":[{"embeddable":true,"href":"https:\/\/test.startbuzzle.com\/en\/wp-json\/wp\/v2\/comments?post=1357"}],"version-history":[{"count":1,"href":"https:\/\/test.startbuzzle.com\/en\/wp-json\/wp\/v2\/pages\/1357\/revisions"}],"predecessor-version":[{"id":1361,"href":"https:\/\/test.startbuzzle.com\/en\/wp-json\/wp\/v2\/pages\/1357\/revisions\/1361"}],"wp:attachment":[{"href":"https:\/\/test.startbuzzle.com\/en\/wp-json\/wp\/v2\/media?parent=1357"}],"curies":[{"name":"wp","href":"https:\/\/api.w.org\/{rel}","templated":true}]}}